{"id":233,"date":"2026-04-17T15:53:34","date_gmt":"2026-04-17T15:53:34","guid":{"rendered":"https:\/\/jmota1.ptis03.pt\/?page_id=233"},"modified":"2026-04-29T11:27:50","modified_gmt":"2026-04-29T11:27:50","slug":"eletrica-locomotivas","status":"publish","type":"page","link":"https:\/\/jmota1.ptis03.pt\/?page_id=233","title":{"rendered":"El\u00e9tricas-Locomotivas"},"content":{"rendered":"\n<p>S\u00e9rie 2500<\/p>\n\n\n\n<div class=\"wp-block-media-text is-stacked-on-mobile\"><figure class=\"wp-block-media-text__media\"><img loading=\"lazy\" decoding=\"async\" width=\"1024\" height=\"680\" src=\"http:\/\/jmota1.ptis03.pt\/wp-content\/uploads\/2026\/04\/2500-1-1024x680.jpg\" alt=\"\" class=\"wp-image-242 size-full\" srcset=\"https:\/\/jmota1.ptis03.pt\/wp-content\/uploads\/2026\/04\/2500-1-1024x680.jpg 1024w, https:\/\/jmota1.ptis03.pt\/wp-content\/uploads\/2026\/04\/2500-1-300x199.jpg 300w, https:\/\/jmota1.ptis03.pt\/wp-content\/uploads\/2026\/04\/2500-1-768x510.jpg 768w, https:\/\/jmota1.ptis03.pt\/wp-content\/uploads\/2026\/04\/2500-1.jpg 1050w\" sizes=\"(max-width: 1024px) 100vw, 1024px\" \/><\/figure><div class=\"wp-block-media-text__content\">\n<p>Velocidade m\u00e1x.: <strong>120 km\/h<\/strong> Servi\u00e7o: <strong>1956 \u2013 anos 1990<\/strong><\/p>\n\n\n\n<p><\/p>\n<\/div><\/div>\n\n\n\n<p>S\u00e9rie 2550<\/p>\n\n\n\n<div class=\"wp-block-media-text is-stacked-on-mobile\"><figure class=\"wp-block-media-text__media\"><img loading=\"lazy\" decoding=\"async\" width=\"1024\" height=\"683\" src=\"http:\/\/jmota1.ptis03.pt\/wp-content\/uploads\/2026\/04\/2550-1024x683.jpg\" alt=\"\" class=\"wp-image-243 size-full\" srcset=\"https:\/\/jmota1.ptis03.pt\/wp-content\/uploads\/2026\/04\/2550-1024x683.jpg 1024w, https:\/\/jmota1.ptis03.pt\/wp-content\/uploads\/2026\/04\/2550-300x200.jpg 300w, https:\/\/jmota1.ptis03.pt\/wp-content\/uploads\/2026\/04\/2550-768x512.jpg 768w, https:\/\/jmota1.ptis03.pt\/wp-content\/uploads\/2026\/04\/2550.jpg 1050w\" sizes=\"(max-width: 1024px) 100vw, 1024px\" \/><\/figure><div class=\"wp-block-media-text__content\">\n<p>Velocidade m\u00e1x.: <strong>120 km\/h<\/strong> Servi\u00e7o: <strong>1963 \u2013 anos 2000<\/strong><\/p>\n\n\n\n<p><\/p>\n<\/div><\/div>\n\n\n\n<p>S\u00e9rie 2600<\/p>\n\n\n\n<div class=\"wp-block-media-text is-stacked-on-mobile\"><figure class=\"wp-block-media-text__media\"><img loading=\"lazy\" decoding=\"async\" width=\"1024\" height=\"683\" src=\"http:\/\/jmota1.ptis03.pt\/wp-content\/uploads\/2026\/04\/2600-1024x683.jpg\" alt=\"\" class=\"wp-image-244 size-full\" srcset=\"https:\/\/jmota1.ptis03.pt\/wp-content\/uploads\/2026\/04\/2600-1024x683.jpg 1024w, https:\/\/jmota1.ptis03.pt\/wp-content\/uploads\/2026\/04\/2600-300x200.jpg 300w, https:\/\/jmota1.ptis03.pt\/wp-content\/uploads\/2026\/04\/2600-768x512.jpg 768w, https:\/\/jmota1.ptis03.pt\/wp-content\/uploads\/2026\/04\/2600.jpg 1050w\" sizes=\"(max-width: 1024px) 100vw, 1024px\" \/><\/figure><div class=\"wp-block-media-text__content\">\n<p>Velocidade m\u00e1x.: <strong>160 km\/h<\/strong> Servi\u00e7o: <strong>1974 <\/strong><\/p>\n\n\n\n<p><\/p>\n<\/div><\/div>\n\n\n\n<p>S\u00e9rie 4700<\/p>\n\n\n\n<div class=\"wp-block-media-text is-stacked-on-mobile\"><figure class=\"wp-block-media-text__media\"><img loading=\"lazy\" decoding=\"async\" width=\"1024\" height=\"715\" src=\"http:\/\/jmota1.ptis03.pt\/wp-content\/uploads\/2026\/04\/4700-1024x715.jpg\" alt=\"\" class=\"wp-image-245 size-full\" srcset=\"https:\/\/jmota1.ptis03.pt\/wp-content\/uploads\/2026\/04\/4700-1024x715.jpg 1024w, https:\/\/jmota1.ptis03.pt\/wp-content\/uploads\/2026\/04\/4700-300x209.jpg 300w, https:\/\/jmota1.ptis03.pt\/wp-content\/uploads\/2026\/04\/4700-768x536.jpg 768w, https:\/\/jmota1.ptis03.pt\/wp-content\/uploads\/2026\/04\/4700.jpg 1050w\" sizes=\"(max-width: 1024px) 100vw, 1024px\" \/><\/figure><div class=\"wp-block-media-text__content\">\n<p>Velocidade m\u00e1x.: <strong>200 km\/h<\/strong> Servi\u00e7o: <strong>2009 <\/strong><\/p>\n<\/div><\/div>\n\n\n\n<p>S\u00e9rie 5600<\/p>\n\n\n\n<div class=\"wp-block-media-text is-stacked-on-mobile\"><figure class=\"wp-block-media-text__media\"><img loading=\"lazy\" decoding=\"async\" width=\"1024\" height=\"737\" src=\"http:\/\/jmota1.ptis03.pt\/wp-content\/uploads\/2026\/04\/5600-1024x737.jpg\" alt=\"\" class=\"wp-image-246 size-full\" srcset=\"https:\/\/jmota1.ptis03.pt\/wp-content\/uploads\/2026\/04\/5600-1024x737.jpg 1024w, https:\/\/jmota1.ptis03.pt\/wp-content\/uploads\/2026\/04\/5600-300x216.jpg 300w, https:\/\/jmota1.ptis03.pt\/wp-content\/uploads\/2026\/04\/5600-768x553.jpg 768w, https:\/\/jmota1.ptis03.pt\/wp-content\/uploads\/2026\/04\/5600.jpg 1050w\" sizes=\"(max-width: 1024px) 100vw, 1024px\" \/><\/figure><div class=\"wp-block-media-text__content\">\n<p>Velocidade m\u00e1x.: <strong>220 km\/h<\/strong> Servi\u00e7o: <strong>1993 <\/strong><\/p>\n\n\n\n<p><\/p>\n<\/div><\/div>\n\n\n\n<p><\/p>\n\n\n\n<p><\/p>\n\n\n\n<p><\/p>\n\n\n\n<p><\/p>\n\n\n\n<p><\/p>\n\n\n\n<p><\/p>\n\n\n\n<p><\/p>\n\n\n\n<p><\/p>\n\n\n\n<p><\/p>\n\n\n\n<p><\/p>\n\n\n\n<p><\/p>\n\n\n\n<p><\/p>\n\n\n\n<p><\/p>\n\n\n\n<p><\/p>\n\n\n\n<p><\/p>\n\n\n\n<p><\/p>\n\n\n\n<p><\/p>\n\n\n\n<p><\/p>\n\n\n\n<p><\/p>\n\n\n\n<p><\/p>\n\n\n\n<p><\/p>\n\n\n\n<p><\/p>\n\n\n\n<p><\/p>\n\n\n\n<p><\/p>\n\n\n\n<p><\/p>\n\n\n\n<p><\/p>\n\n\n\n<p><\/p>\n","protected":false},"excerpt":{"rendered":"<p>S\u00e9rie 2500 Velocidade m\u00e1x.: 120 km\/h Servi\u00e7o: 1956 \u2013 anos 1990 S\u00e9rie 2550 Velocidade m\u00e1x.: 120 km\/h Servi\u00e7o: 1963 \u2013 anos 2000 S\u00e9rie 2600 Velocidade m\u00e1x.: 160 km\/h Servi\u00e7o: 1974 S\u00e9rie 4700 Velocidade m\u00e1x.: 200 km\/h Servi\u00e7o: 2009 S\u00e9rie 5600 Velocidade m\u00e1x.: 220 km\/h Servi\u00e7o: 1993<\/p>\n","protected":false},"author":1,"featured_media":0,"parent":0,"menu_order":0,"comment_status":"closed","ping_status":"closed","template":"","meta":{"saved_in_kubio":true,"footnotes":""},"class_list":["post-233","page","type-page","status-publish","hentry"],"kubio_ai_page_context":{"short_desc":"","purpose":"general"},"_links":{"self":[{"href":"https:\/\/jmota1.ptis03.pt\/index.php?rest_route=\/wp\/v2\/pages\/233","targetHints":{"allow":["GET"]}}],"collection":[{"href":"https:\/\/jmota1.ptis03.pt\/index.php?rest_route=\/wp\/v2\/pages"}],"about":[{"href":"https:\/\/jmota1.ptis03.pt\/index.php?rest_route=\/wp\/v2\/types\/page"}],"author":[{"embeddable":true,"href":"https:\/\/jmota1.ptis03.pt\/index.php?rest_route=\/wp\/v2\/users\/1"}],"replies":[{"embeddable":true,"href":"https:\/\/jmota1.ptis03.pt\/index.php?rest_route=%2Fwp%2Fv2%2Fcomments&post=233"}],"version-history":[{"count":7,"href":"https:\/\/jmota1.ptis03.pt\/index.php?rest_route=\/wp\/v2\/pages\/233\/revisions"}],"predecessor-version":[{"id":411,"href":"https:\/\/jmota1.ptis03.pt\/index.php?rest_route=\/wp\/v2\/pages\/233\/revisions\/411"}],"wp:attachment":[{"href":"https:\/\/jmota1.ptis03.pt\/index.php?rest_route=%2Fwp%2Fv2%2Fmedia&parent=233"}],"curies":[{"name":"wp","href":"https:\/\/api.w.org\/{rel}","templated":true}]}}