{"id":172,"date":"2026-04-17T14:00:48","date_gmt":"2026-04-17T14:00:48","guid":{"rendered":"https:\/\/jmota1.ptis03.pt\/?page_id=172"},"modified":"2026-04-29T11:26:30","modified_gmt":"2026-04-29T11:26:30","slug":"diesel-automotoras","status":"publish","type":"page","link":"https:\/\/jmota1.ptis03.pt\/?page_id=172","title":{"rendered":"Diesel-Automotoras"},"content":{"rendered":"\n<p>S\u00e9rie 0050<\/p>\n\n\n\n<div class=\"wp-block-media-text is-stacked-on-mobile\"><figure class=\"wp-block-media-text__media\"><img loading=\"lazy\" decoding=\"async\" width=\"1024\" height=\"683\" src=\"http:\/\/jmota1.ptis03.pt\/wp-content\/uploads\/2026\/04\/0050-1024x683.jpg\" alt=\"\" class=\"wp-image-173 size-full\" srcset=\"https:\/\/jmota1.ptis03.pt\/wp-content\/uploads\/2026\/04\/0050-1024x683.jpg 1024w, https:\/\/jmota1.ptis03.pt\/wp-content\/uploads\/2026\/04\/0050-300x200.jpg 300w, https:\/\/jmota1.ptis03.pt\/wp-content\/uploads\/2026\/04\/0050-768x512.jpg 768w, https:\/\/jmota1.ptis03.pt\/wp-content\/uploads\/2026\/04\/0050-1536x1024.jpg 1536w, https:\/\/jmota1.ptis03.pt\/wp-content\/uploads\/2026\/04\/0050.jpg 1920w\" sizes=\"(max-width: 1024px) 100vw, 1024px\" \/><\/figure><div class=\"wp-block-media-text__content\">\n<p>Velocidade m\u00e1x.: 80 km\/h Servi\u00e7o: 1930 \u2013 anos 1960<\/p>\n\n\n\n<p><\/p>\n<\/div><\/div>\n\n\n\n<p><\/p>\n\n\n\n<p>S\u00e9rie 0100<\/p>\n\n\n\n<div class=\"wp-block-media-text is-stacked-on-mobile\"><figure class=\"wp-block-media-text__media\"><img loading=\"lazy\" decoding=\"async\" width=\"1024\" height=\"681\" src=\"http:\/\/jmota1.ptis03.pt\/wp-content\/uploads\/2026\/04\/0100-1024x681.jpg\" alt=\"\" class=\"wp-image-174 size-full\" srcset=\"https:\/\/jmota1.ptis03.pt\/wp-content\/uploads\/2026\/04\/0100-1024x681.jpg 1024w, https:\/\/jmota1.ptis03.pt\/wp-content\/uploads\/2026\/04\/0100-300x200.jpg 300w, https:\/\/jmota1.ptis03.pt\/wp-content\/uploads\/2026\/04\/0100-768x511.jpg 768w, https:\/\/jmota1.ptis03.pt\/wp-content\/uploads\/2026\/04\/0100-1536x1022.jpg 1536w, https:\/\/jmota1.ptis03.pt\/wp-content\/uploads\/2026\/04\/0100.jpg 1920w\" sizes=\"(max-width: 1024px) 100vw, 1024px\" \/><\/figure><div class=\"wp-block-media-text__content\">\n<p>Velocidade m\u00e1x.: 100 km\/h Servi\u00e7o: 1940 \u2013 anos 1970<\/p>\n\n\n\n<p><\/p>\n<\/div><\/div>\n\n\n\n<p><\/p>\n\n\n\n<p>S\u00e9rie 0300<\/p>\n\n\n\n<div class=\"wp-block-media-text is-stacked-on-mobile\"><figure class=\"wp-block-media-text__media\"><img loading=\"lazy\" decoding=\"async\" width=\"1024\" height=\"683\" src=\"http:\/\/jmota1.ptis03.pt\/wp-content\/uploads\/2026\/04\/0300-1024x683.jpg\" alt=\"\" class=\"wp-image-175 size-full\" srcset=\"https:\/\/jmota1.ptis03.pt\/wp-content\/uploads\/2026\/04\/0300-1024x683.jpg 1024w, https:\/\/jmota1.ptis03.pt\/wp-content\/uploads\/2026\/04\/0300-300x200.jpg 300w, https:\/\/jmota1.ptis03.pt\/wp-content\/uploads\/2026\/04\/0300-768x512.jpg 768w, https:\/\/jmota1.ptis03.pt\/wp-content\/uploads\/2026\/04\/0300-1536x1024.jpg 1536w, https:\/\/jmota1.ptis03.pt\/wp-content\/uploads\/2026\/04\/0300.jpg 1920w\" sizes=\"(max-width: 1024px) 100vw, 1024px\" \/><\/figure><div class=\"wp-block-media-text__content\">\n<p>Velocidade m\u00e1x.: 100 km\/h Servi\u00e7o: 1953 \u2013 anos 2000<\/p>\n\n\n\n<p><\/p>\n<\/div><\/div>\n\n\n\n<p><\/p>\n\n\n\n<p>S\u00e9rie 0400<\/p>\n\n\n\n<div class=\"wp-block-media-text is-stacked-on-mobile is-vertically-aligned-top\"><figure class=\"wp-block-media-text__media\"><img loading=\"lazy\" decoding=\"async\" width=\"1024\" height=\"679\" src=\"http:\/\/jmota1.ptis03.pt\/wp-content\/uploads\/2026\/04\/0400-1024x679.jpg\" alt=\"\" class=\"wp-image-177 size-full\" srcset=\"https:\/\/jmota1.ptis03.pt\/wp-content\/uploads\/2026\/04\/0400-1024x679.jpg 1024w, https:\/\/jmota1.ptis03.pt\/wp-content\/uploads\/2026\/04\/0400-300x199.jpg 300w, https:\/\/jmota1.ptis03.pt\/wp-content\/uploads\/2026\/04\/0400-768x509.jpg 768w, https:\/\/jmota1.ptis03.pt\/wp-content\/uploads\/2026\/04\/0400-1536x1018.jpg 1536w, https:\/\/jmota1.ptis03.pt\/wp-content\/uploads\/2026\/04\/0400.jpg 1920w\" sizes=\"(max-width: 1024px) 100vw, 1024px\" \/><\/figure><div class=\"wp-block-media-text__content\">\n<p>Velocidade m\u00e1x.: 110 km\/h Servi\u00e7o: 1960 \u2013 anos 1990<\/p>\n\n\n\n<p><\/p>\n<\/div><\/div>\n\n\n\n<p><\/p>\n\n\n\n<p>S\u00e9rie 0450<\/p>\n\n\n\n<div class=\"wp-block-media-text is-stacked-on-mobile is-vertically-aligned-top\"><figure class=\"wp-block-media-text__media\"><img loading=\"lazy\" decoding=\"async\" width=\"1024\" height=\"825\" src=\"http:\/\/jmota1.ptis03.pt\/wp-content\/uploads\/2026\/04\/0450-1-1024x825.jpg\" alt=\"\" class=\"wp-image-181 size-full\" srcset=\"https:\/\/jmota1.ptis03.pt\/wp-content\/uploads\/2026\/04\/0450-1-1024x825.jpg 1024w, https:\/\/jmota1.ptis03.pt\/wp-content\/uploads\/2026\/04\/0450-1-300x242.jpg 300w, https:\/\/jmota1.ptis03.pt\/wp-content\/uploads\/2026\/04\/0450-1-768x619.jpg 768w, https:\/\/jmota1.ptis03.pt\/wp-content\/uploads\/2026\/04\/0450-1.jpg 1050w\" sizes=\"(max-width: 1024px) 100vw, 1024px\" \/><\/figure><div class=\"wp-block-media-text__content\">\n<p>Velocidade m\u00e1x.: 120 km\/h Servi\u00e7o: 1965 <br>Vers\u00e3o Azul<\/p>\n\n\n\n<p><\/p>\n\n\n<\/div><\/div>\n\n\n\n<div class=\"wp-block-media-text is-stacked-on-mobile\"><figure class=\"wp-block-media-text__media\"><img loading=\"lazy\" decoding=\"async\" width=\"1024\" height=\"781\" src=\"http:\/\/jmota1.ptis03.pt\/wp-content\/uploads\/2026\/04\/0450amarelo-1-1024x781.jpg\" alt=\"\" class=\"wp-image-183 size-full\" srcset=\"https:\/\/jmota1.ptis03.pt\/wp-content\/uploads\/2026\/04\/0450amarelo-1-1024x781.jpg 1024w, https:\/\/jmota1.ptis03.pt\/wp-content\/uploads\/2026\/04\/0450amarelo-1-300x229.jpg 300w, https:\/\/jmota1.ptis03.pt\/wp-content\/uploads\/2026\/04\/0450amarelo-1-768x586.jpg 768w, https:\/\/jmota1.ptis03.pt\/wp-content\/uploads\/2026\/04\/0450amarelo-1.jpg 1050w\" sizes=\"(max-width: 1024px) 100vw, 1024px\" \/><\/figure><div class=\"wp-block-media-text__content\">\n<p>Velocidade m\u00e1x.: 120 km\/h Servi\u00e7o: 1965<br>Vers\u00e3o Amarela<\/p>\n\n\n<\/div><\/div>\n\n\n\n<p><\/p>\n\n\n\n<p>S\u00e9rie 0500<\/p>\n\n\n\n<div class=\"wp-block-media-text is-stacked-on-mobile\"><figure class=\"wp-block-media-text__media\"><img loading=\"lazy\" decoding=\"async\" width=\"1024\" height=\"746\" src=\"http:\/\/jmota1.ptis03.pt\/wp-content\/uploads\/2026\/04\/0500-1024x746.jpg\" alt=\"\" class=\"wp-image-184 size-full\" srcset=\"https:\/\/jmota1.ptis03.pt\/wp-content\/uploads\/2026\/04\/0500-1024x746.jpg 1024w, https:\/\/jmota1.ptis03.pt\/wp-content\/uploads\/2026\/04\/0500-300x218.jpg 300w, https:\/\/jmota1.ptis03.pt\/wp-content\/uploads\/2026\/04\/0500-768x559.jpg 768w, https:\/\/jmota1.ptis03.pt\/wp-content\/uploads\/2026\/04\/0500-1536x1118.jpg 1536w, https:\/\/jmota1.ptis03.pt\/wp-content\/uploads\/2026\/04\/0500.jpg 1920w\" sizes=\"(max-width: 1024px) 100vw, 1024px\" \/><\/figure><div class=\"wp-block-media-text__content\">\n<p>Velocidade m\u00e1x.: <strong>120 km\/h<\/strong> Servi\u00e7o: 1953 \u2013 anos 1980<br>Apelidado &#8220;Foguete&#8221;<\/p>\n\n\n\n<p><\/p>\n<\/div><\/div>\n\n\n\n<p><\/p>\n\n\n\n<p>S\u00e9rie 0600<\/p>\n\n\n\n<div class=\"wp-block-media-text is-stacked-on-mobile\"><figure class=\"wp-block-media-text__media\"><img loading=\"lazy\" decoding=\"async\" width=\"1024\" height=\"683\" src=\"http:\/\/jmota1.ptis03.pt\/wp-content\/uploads\/2026\/04\/0600-1024x683.jpg\" alt=\"\" class=\"wp-image-185 size-full\" srcset=\"https:\/\/jmota1.ptis03.pt\/wp-content\/uploads\/2026\/04\/0600-1024x683.jpg 1024w, https:\/\/jmota1.ptis03.pt\/wp-content\/uploads\/2026\/04\/0600-300x200.jpg 300w, https:\/\/jmota1.ptis03.pt\/wp-content\/uploads\/2026\/04\/0600-768x512.jpg 768w, https:\/\/jmota1.ptis03.pt\/wp-content\/uploads\/2026\/04\/0600.jpg 1050w\" sizes=\"(max-width: 1024px) 100vw, 1024px\" \/><\/figure><div class=\"wp-block-media-text__content\">\n<p>Velocidade m\u00e1x.: ~120 km\/h Servi\u00e7o: 1960 \u2013 anos 1990<\/p>\n\n\n\n<p><\/p>\n<\/div><\/div>\n\n\n\n<p>S\u00e9rie 0750<\/p>\n\n\n\n<div class=\"wp-block-media-text is-stacked-on-mobile\" style=\"grid-template-columns:45% auto\"><figure class=\"wp-block-media-text__media\"><img loading=\"lazy\" decoding=\"async\" width=\"1024\" height=\"727\" src=\"http:\/\/jmota1.ptis03.pt\/wp-content\/uploads\/2026\/04\/0750-1-1024x727.jpg\" alt=\"\" class=\"wp-image-187 size-full\" srcset=\"https:\/\/jmota1.ptis03.pt\/wp-content\/uploads\/2026\/04\/0750-1-1024x727.jpg 1024w, https:\/\/jmota1.ptis03.pt\/wp-content\/uploads\/2026\/04\/0750-1-300x213.jpg 300w, https:\/\/jmota1.ptis03.pt\/wp-content\/uploads\/2026\/04\/0750-1-768x545.jpg 768w, https:\/\/jmota1.ptis03.pt\/wp-content\/uploads\/2026\/04\/0750-1-1536x1090.jpg 1536w, https:\/\/jmota1.ptis03.pt\/wp-content\/uploads\/2026\/04\/0750-1-2048x1453.jpg 2048w\" sizes=\"(max-width: 1024px) 100vw, 1024px\" \/><\/figure><div class=\"wp-block-media-text__content\">\n<p>Velocidade m\u00e1x.: ~90 km\/h Servi\u00e7o: 1965 \u2013 anos 2000<\/p>\n\n\n\n<p><\/p>\n<\/div><\/div>\n\n\n\n<p><\/p>\n\n\n\n<p>S\u00e9rie 592.0<\/p>\n\n\n\n<div class=\"wp-block-media-text is-stacked-on-mobile\"><figure class=\"wp-block-media-text__media\"><img loading=\"lazy\" decoding=\"async\" width=\"1024\" height=\"683\" src=\"http:\/\/jmota1.ptis03.pt\/wp-content\/uploads\/2026\/04\/592-1024x683.jpg\" alt=\"\" class=\"wp-image-188 size-full\" srcset=\"https:\/\/jmota1.ptis03.pt\/wp-content\/uploads\/2026\/04\/592-1024x683.jpg 1024w, https:\/\/jmota1.ptis03.pt\/wp-content\/uploads\/2026\/04\/592-300x200.jpg 300w, https:\/\/jmota1.ptis03.pt\/wp-content\/uploads\/2026\/04\/592-768x512.jpg 768w, https:\/\/jmota1.ptis03.pt\/wp-content\/uploads\/2026\/04\/592.jpg 1050w\" sizes=\"(max-width: 1024px) 100vw, 1024px\" \/><\/figure><div class=\"wp-block-media-text__content\">\n<p>Velocidade m\u00e1x.: <strong>120 km\/h<\/strong> Servi\u00e7o: <strong>2010 <\/strong><\/p>\n\n\n\n<p><\/p>\n<\/div><\/div>\n\n\n\n<p><\/p>\n\n\n\n<p>S\u00e9rie592.2<\/p>\n\n\n\n<div class=\"wp-block-media-text is-stacked-on-mobile\"><figure class=\"wp-block-media-text__media\"><img loading=\"lazy\" decoding=\"async\" width=\"1024\" height=\"683\" src=\"http:\/\/jmota1.ptis03.pt\/wp-content\/uploads\/2026\/04\/592-2-1024x683.jpg\" alt=\"\" class=\"wp-image-189 size-full\" srcset=\"https:\/\/jmota1.ptis03.pt\/wp-content\/uploads\/2026\/04\/592-2-1024x683.jpg 1024w, https:\/\/jmota1.ptis03.pt\/wp-content\/uploads\/2026\/04\/592-2-300x200.jpg 300w, https:\/\/jmota1.ptis03.pt\/wp-content\/uploads\/2026\/04\/592-2-768x512.jpg 768w, https:\/\/jmota1.ptis03.pt\/wp-content\/uploads\/2026\/04\/592-2-1536x1024.jpg 1536w, https:\/\/jmota1.ptis03.pt\/wp-content\/uploads\/2026\/04\/592-2.jpg 1920w\" sizes=\"(max-width: 1024px) 100vw, 1024px\" \/><\/figure><div class=\"wp-block-media-text__content\">\n<p>Velocidade m\u00e0x: 140km\/h<br>Servi\u00e7o: 2020<\/p>\n<\/div><\/div>\n\n\n\n<p><\/p>\n\n\n\n<p>S\u00e9rie 9100<\/p>\n\n\n\n<div class=\"wp-block-media-text is-stacked-on-mobile\"><figure class=\"wp-block-media-text__media\"><img loading=\"lazy\" decoding=\"async\" width=\"1024\" height=\"699\" src=\"http:\/\/jmota1.ptis03.pt\/wp-content\/uploads\/2026\/04\/9100-1024x699.jpg\" alt=\"\" class=\"wp-image-191 size-full\" srcset=\"https:\/\/jmota1.ptis03.pt\/wp-content\/uploads\/2026\/04\/9100-1024x699.jpg 1024w, https:\/\/jmota1.ptis03.pt\/wp-content\/uploads\/2026\/04\/9100-300x205.jpg 300w, https:\/\/jmota1.ptis03.pt\/wp-content\/uploads\/2026\/04\/9100-768x524.jpg 768w, https:\/\/jmota1.ptis03.pt\/wp-content\/uploads\/2026\/04\/9100.jpg 1050w\" sizes=\"(max-width: 1024px) 100vw, 1024px\" \/><\/figure><div class=\"wp-block-media-text__content\">\n<p>Velocidade m\u00e1x.: 70 km\/h Servi\u00e7o: 1950 \u2013 anos 1990<\/p>\n\n\n\n<p><\/p>\n<\/div><\/div>\n\n\n\n<p><\/p>\n\n\n\n<p>S\u00e9rie 9300<\/p>\n\n\n\n<div class=\"wp-block-media-text is-stacked-on-mobile\"><figure class=\"wp-block-media-text__media\"><img loading=\"lazy\" decoding=\"async\" width=\"1024\" height=\"683\" src=\"http:\/\/jmota1.ptis03.pt\/wp-content\/uploads\/2026\/04\/9300-1024x683.jpg\" alt=\"\" class=\"wp-image-192 size-full\" srcset=\"https:\/\/jmota1.ptis03.pt\/wp-content\/uploads\/2026\/04\/9300-1024x683.jpg 1024w, https:\/\/jmota1.ptis03.pt\/wp-content\/uploads\/2026\/04\/9300-300x200.jpg 300w, https:\/\/jmota1.ptis03.pt\/wp-content\/uploads\/2026\/04\/9300-768x512.jpg 768w, https:\/\/jmota1.ptis03.pt\/wp-content\/uploads\/2026\/04\/9300.jpg 1050w\" sizes=\"(max-width: 1024px) 100vw, 1024px\" \/><\/figure><div class=\"wp-block-media-text__content\">\n<p>Velocidade m\u00e1x.: 70 km\/h Servi\u00e7o: 1960 \u2013 anos 2000<\/p>\n\n\n\n<p><\/p>\n<\/div><\/div>\n\n\n\n<p><\/p>\n\n\n\n<p>S\u00e9rie 9400<\/p>\n\n\n\n<div class=\"wp-block-media-text is-stacked-on-mobile\"><figure class=\"wp-block-media-text__media\"><img loading=\"lazy\" decoding=\"async\" width=\"1024\" height=\"768\" src=\"http:\/\/jmota1.ptis03.pt\/wp-content\/uploads\/2026\/04\/9400-1024x768.jpg\" alt=\"\" class=\"wp-image-194 size-full\" srcset=\"https:\/\/jmota1.ptis03.pt\/wp-content\/uploads\/2026\/04\/9400-1024x768.jpg 1024w, https:\/\/jmota1.ptis03.pt\/wp-content\/uploads\/2026\/04\/9400-300x225.jpg 300w, https:\/\/jmota1.ptis03.pt\/wp-content\/uploads\/2026\/04\/9400-768x576.jpg 768w, https:\/\/jmota1.ptis03.pt\/wp-content\/uploads\/2026\/04\/9400.jpg 1050w\" sizes=\"(max-width: 1024px) 100vw, 1024px\" \/><\/figure><div class=\"wp-block-media-text__content\">\n<p>Velocidade m\u00e1x.: 51 km\/h Servi\u00e7o: 1960 \u2013 anos 2000<\/p>\n\n\n\n<p><\/p>\n<\/div><\/div>\n\n\n\n<p><\/p>\n\n\n\n<p>S\u00e9rie 9500<\/p>\n\n\n\n<div class=\"wp-block-media-text is-stacked-on-mobile\"><figure class=\"wp-block-media-text__media\"><img loading=\"lazy\" decoding=\"async\" width=\"1024\" height=\"768\" src=\"http:\/\/jmota1.ptis03.pt\/wp-content\/uploads\/2026\/04\/9500-1-1024x768.jpg\" alt=\"\" class=\"wp-image-201 size-full\" srcset=\"https:\/\/jmota1.ptis03.pt\/wp-content\/uploads\/2026\/04\/9500-1-1024x768.jpg 1024w, https:\/\/jmota1.ptis03.pt\/wp-content\/uploads\/2026\/04\/9500-1-300x225.jpg 300w, https:\/\/jmota1.ptis03.pt\/wp-content\/uploads\/2026\/04\/9500-1-768x576.jpg 768w, https:\/\/jmota1.ptis03.pt\/wp-content\/uploads\/2026\/04\/9500-1-1536x1152.jpg 1536w, https:\/\/jmota1.ptis03.pt\/wp-content\/uploads\/2026\/04\/9500-1-2048x1536.jpg 2048w\" sizes=\"(max-width: 1024px) 100vw, 1024px\" \/><\/figure><div class=\"wp-block-media-text__content\">\n<p>Velocidade m\u00e1x.: ~84 km\/h Servi\u00e7o: 1949 \u2013 anos 2000<\/p>\n\n\n\n<p><\/p>\n<\/div><\/div>\n\n\n\n<p><\/p>\n\n\n\n<p>S\u00e9rie 9600<\/p>\n\n\n\n<div class=\"wp-block-media-text is-stacked-on-mobile\"><figure class=\"wp-block-media-text__media\"><img loading=\"lazy\" decoding=\"async\" width=\"1024\" height=\"731\" src=\"http:\/\/jmota1.ptis03.pt\/wp-content\/uploads\/2026\/04\/9600-1024x731.jpg\" alt=\"\" class=\"wp-image-196 size-full\" srcset=\"https:\/\/jmota1.ptis03.pt\/wp-content\/uploads\/2026\/04\/9600-1024x731.jpg 1024w, https:\/\/jmota1.ptis03.pt\/wp-content\/uploads\/2026\/04\/9600-300x214.jpg 300w, https:\/\/jmota1.ptis03.pt\/wp-content\/uploads\/2026\/04\/9600-768x548.jpg 768w, https:\/\/jmota1.ptis03.pt\/wp-content\/uploads\/2026\/04\/9600-1536x1097.jpg 1536w, https:\/\/jmota1.ptis03.pt\/wp-content\/uploads\/2026\/04\/9600.jpg 1920w\" sizes=\"(max-width: 1024px) 100vw, 1024px\" \/><\/figure><div class=\"wp-block-media-text__content\">\n<p>Velocidade m\u00e1x.: 90 km\/h Servi\u00e7o: 1970 \u2013 anos 2000<\/p>\n\n\n\n<p><\/p>\n<\/div><\/div>\n\n\n\n<p><\/p>\n\n\n\n<p>S\u00e9rie 9630<\/p>\n\n\n\n<div class=\"wp-block-media-text is-stacked-on-mobile\"><figure class=\"wp-block-media-text__media\"><img loading=\"lazy\" decoding=\"async\" width=\"1024\" height=\"683\" src=\"http:\/\/jmota1.ptis03.pt\/wp-content\/uploads\/2026\/04\/9630-1024x683.jpg\" alt=\"\" class=\"wp-image-197 size-full\" srcset=\"https:\/\/jmota1.ptis03.pt\/wp-content\/uploads\/2026\/04\/9630-1024x683.jpg 1024w, https:\/\/jmota1.ptis03.pt\/wp-content\/uploads\/2026\/04\/9630-300x200.jpg 300w, https:\/\/jmota1.ptis03.pt\/wp-content\/uploads\/2026\/04\/9630-768x512.jpg 768w, https:\/\/jmota1.ptis03.pt\/wp-content\/uploads\/2026\/04\/9630.jpg 1050w\" sizes=\"(max-width: 1024px) 100vw, 1024px\" \/><\/figure><div class=\"wp-block-media-text__content\">\n<p>Velocidade m\u00e1x.: 80 km\/h Servi\u00e7o: 1990 <\/p>\n\n\n\n<p><\/p>\n<\/div><\/div>\n\n\n\n<p><\/p>\n\n\n\n<p>S\u00e9rie 9700<\/p>\n\n\n\n<div class=\"wp-block-media-text is-stacked-on-mobile\"><figure class=\"wp-block-media-text__media\"><img loading=\"lazy\" decoding=\"async\" width=\"1024\" height=\"683\" src=\"http:\/\/jmota1.ptis03.pt\/wp-content\/uploads\/2026\/04\/9700-1024x683.jpg\" alt=\"\" class=\"wp-image-198 size-full\" srcset=\"https:\/\/jmota1.ptis03.pt\/wp-content\/uploads\/2026\/04\/9700-1024x683.jpg 1024w, https:\/\/jmota1.ptis03.pt\/wp-content\/uploads\/2026\/04\/9700-300x200.jpg 300w, https:\/\/jmota1.ptis03.pt\/wp-content\/uploads\/2026\/04\/9700-768x512.jpg 768w, https:\/\/jmota1.ptis03.pt\/wp-content\/uploads\/2026\/04\/9700.jpg 1050w\" sizes=\"(max-width: 1024px) 100vw, 1024px\" \/><\/figure><div class=\"wp-block-media-text__content\">\n<p>Velocidade m\u00e1x.: 90 km\/h Servi\u00e7o: 2000 <\/p>\n\n\n\n<p><\/p>\n<\/div><\/div>\n\n\n\n<p><\/p>\n\n\n\n<p><\/p>\n\n\n\n<p><\/p>\n\n\n\n<p><\/p>\n\n\n\n<p><\/p>\n\n\n\n<p><\/p>\n\n\n\n<p><\/p>\n\n\n\n<p><\/p>\n\n\n\n<p><\/p>\n\n\n\n<p><\/p>\n\n\n\n<p><\/p>\n\n\n\n<p><\/p>\n\n\n\n<p><\/p>\n\n\n\n<p><\/p>\n\n\n\n<p><\/p>\n\n\n\n<p><\/p>\n\n\n\n<p><\/p>\n\n\n\n<p><\/p>\n\n\n\n<p><\/p>\n\n\n\n<p><\/p>\n\n\n\n<p><\/p>\n\n\n\n<p><\/p>\n\n\n\n<p><\/p>\n\n\n\n<p><\/p>\n\n\n\n<p><\/p>\n\n\n\n<p><\/p>\n\n\n\n<p><\/p>\n","protected":false},"excerpt":{"rendered":"<p>S\u00e9rie 0050 Velocidade m\u00e1x.: 80 km\/h Servi\u00e7o: 1930 \u2013 anos 1960 S\u00e9rie 0100 Velocidade m\u00e1x.: 100 km\/h Servi\u00e7o: 1940 \u2013 anos 1970 S\u00e9rie 0300 Velocidade m\u00e1x.: 100 km\/h Servi\u00e7o: 1953 \u2013 anos 2000 S\u00e9rie 0400 Velocidade m\u00e1x.: 110 km\/h Servi\u00e7o: 1960 \u2013 anos 1990 S\u00e9rie 0450 S\u00e9rie 0500 Velocidade m\u00e1x.: 120 km\/h Servi\u00e7o: 1953 \u2013 [&hellip;]<\/p>\n","protected":false},"author":1,"featured_media":0,"parent":0,"menu_order":0,"comment_status":"closed","ping_status":"closed","template":"","meta":{"saved_in_kubio":true,"footnotes":""},"class_list":["post-172","page","type-page","status-publish","hentry"],"kubio_ai_page_context":{"short_desc":"","purpose":"general"},"_links":{"self":[{"href":"https:\/\/jmota1.ptis03.pt\/index.php?rest_route=\/wp\/v2\/pages\/172","targetHints":{"allow":["GET"]}}],"collection":[{"href":"https:\/\/jmota1.ptis03.pt\/index.php?rest_route=\/wp\/v2\/pages"}],"about":[{"href":"https:\/\/jmota1.ptis03.pt\/index.php?rest_route=\/wp\/v2\/types\/page"}],"author":[{"embeddable":true,"href":"https:\/\/jmota1.ptis03.pt\/index.php?rest_route=\/wp\/v2\/users\/1"}],"replies":[{"embeddable":true,"href":"https:\/\/jmota1.ptis03.pt\/index.php?rest_route=%2Fwp%2Fv2%2Fcomments&post=172"}],"version-history":[{"count":13,"href":"https:\/\/jmota1.ptis03.pt\/index.php?rest_route=\/wp\/v2\/pages\/172\/revisions"}],"predecessor-version":[{"id":409,"href":"https:\/\/jmota1.ptis03.pt\/index.php?rest_route=\/wp\/v2\/pages\/172\/revisions\/409"}],"wp:attachment":[{"href":"https:\/\/jmota1.ptis03.pt\/index.php?rest_route=%2Fwp%2Fv2%2Fmedia&parent=172"}],"curies":[{"name":"wp","href":"https:\/\/api.w.org\/{rel}","templated":true}]}}