{"id":106,"date":"2026-04-17T10:51:52","date_gmt":"2026-04-17T10:51:52","guid":{"rendered":"https:\/\/jmota1.ptis03.pt\/?page_id=106"},"modified":"2026-04-29T11:38:55","modified_gmt":"2026-04-29T11:38:55","slug":"introducao","status":"publish","type":"page","link":"https:\/\/jmota1.ptis03.pt\/","title":{"rendered":"Comboios Portugal"},"content":{"rendered":"\n<figure class=\"wp-block-image aligncenter size-full is-resized\"><img loading=\"lazy\" decoding=\"async\" width=\"900\" height=\"900\" src=\"http:\/\/jmota1.ptis03.pt\/wp-content\/uploads\/2026\/04\/cplogo.jpg\" alt=\"\" class=\"wp-image-292\" style=\"width:502px;height:auto\" srcset=\"https:\/\/jmota1.ptis03.pt\/wp-content\/uploads\/2026\/04\/cplogo.jpg 900w, https:\/\/jmota1.ptis03.pt\/wp-content\/uploads\/2026\/04\/cplogo-300x300.jpg 300w, https:\/\/jmota1.ptis03.pt\/wp-content\/uploads\/2026\/04\/cplogo-150x150.jpg 150w, https:\/\/jmota1.ptis03.pt\/wp-content\/uploads\/2026\/04\/cplogo-768x768.jpg 768w\" sizes=\"(max-width: 900px) 100vw, 900px\" \/><\/figure>\n\n\n\n<p>A&nbsp;<strong>CP (Comboios Portuga<\/strong>l) \u00e9 a maior empresa de transporta\u00e7\u00e3o de passageiros de Portugal h\u00e1 mais de 160, fundada em 1860 com o nome&nbsp;<strong>Companhia dos Caminhos de Ferro Portugueses<\/strong>.<\/p>\n\n\n\n<figure class=\"wp-block-image aligncenter\"><img loading=\"lazy\" decoding=\"async\" width=\"412\" height=\"122\" src=\"http:\/\/jmota1.ptis03.pt\/wp-content\/uploads\/2026\/04\/image-1.jpeg\" alt=\"\" class=\"wp-image-83\" srcset=\"https:\/\/jmota1.ptis03.pt\/wp-content\/uploads\/2026\/04\/image-1.jpeg 412w, https:\/\/jmota1.ptis03.pt\/wp-content\/uploads\/2026\/04\/image-1-300x89.jpeg 300w\" sizes=\"(max-width: 412px) 100vw, 412px\" \/><figcaption class=\"wp-element-caption\">Antigo logotipo da CCPCFP<\/figcaption><\/figure>\n\n\n\n<p>Ao longo dos anos tanto a empresa como os seus \u201ccavalos de ferro\u201d tem evolu\u00eddo como um todo, percorrendo quil\u00f3metros e quil\u00f3metros de distancia.<\/p>\n\n\n\n<h1 class=\"wp-block-heading has-x-large-font-size\">Comboios da CP <\/h1>\n\n\n\n<p>Ao longo dos seus 160 anos de servi\u00e7o, varias locomotivas e automotoras tem entrado ao servi\u00e7o das linhas Portuguesas, desde a \u00e9poca a vapor ate \u00e1 atual fase el\u00e9trica com muitas destas terem sido demolidas, vendidas ou preservadas em museus ferrovi\u00e1rios. Este site serve de um arquivo para todos os comboios da CP que j\u00e1 passaram pelos carris Portugueses, com a exce\u00e7\u00e3o dos a vapor.<\/p>\n\n\n\n<div class=\"wp-block-group has-global-padding is-layout-constrained wp-block-group-is-layout-constrained\" style=\"padding-top:var(--wp--preset--spacing--50);padding-bottom:var(--wp--preset--spacing--50)\">\n<div class=\"wp-block-media-text is-stacked-on-mobile\"><figure class=\"wp-block-media-text__media\"><img loading=\"lazy\" decoding=\"async\" width=\"1024\" height=\"768\" src=\"http:\/\/jmota1.ptis03.pt\/wp-content\/uploads\/2026\/04\/cp0190-1024x768.jpg\" alt=\"\" class=\"wp-image-311 size-full\" srcset=\"https:\/\/jmota1.ptis03.pt\/wp-content\/uploads\/2026\/04\/cp0190-1024x768.jpg 1024w, https:\/\/jmota1.ptis03.pt\/wp-content\/uploads\/2026\/04\/cp0190-300x225.jpg 300w, https:\/\/jmota1.ptis03.pt\/wp-content\/uploads\/2026\/04\/cp0190-768x576.jpg 768w, https:\/\/jmota1.ptis03.pt\/wp-content\/uploads\/2026\/04\/cp0190-1536x1152.jpg 1536w, https:\/\/jmota1.ptis03.pt\/wp-content\/uploads\/2026\/04\/cp0190-2048x1536.jpg 2048w, https:\/\/jmota1.ptis03.pt\/wp-content\/uploads\/2026\/04\/cp0190-1440x1080.jpg 1440w\" sizes=\"(max-width: 1024px) 100vw, 1024px\" \/><\/figure><div class=\"wp-block-media-text__content\">\n<p>Serie 0181 a vapor <br>Servi\u00e7o: 1924<br><br><\/p>\n<\/div><\/div>\n<\/div>\n\n\n","protected":false},"excerpt":{"rendered":"<p>A&nbsp;CP (Comboios Portugal) \u00e9 a maior empresa de transporta\u00e7\u00e3o de passageiros de Portugal h\u00e1 mais de 160, fundada em 1860 com o nome&nbsp;Companhia dos Caminhos de Ferro Portugueses. Ao longo dos anos tanto a empresa como os seus \u201ccavalos de ferro\u201d tem evolu\u00eddo como um todo, percorrendo quil\u00f3metros e quil\u00f3metros de distancia. Comboios da CP [&hellip;]<\/p>\n","protected":false},"author":1,"featured_media":0,"parent":0,"menu_order":0,"comment_status":"closed","ping_status":"closed","template":"","meta":{"saved_in_kubio":true,"footnotes":""},"class_list":["post-106","page","type-page","status-publish","hentry"],"kubio_ai_page_context":{"short_desc":"","purpose":"general"},"_links":{"self":[{"href":"https:\/\/jmota1.ptis03.pt\/index.php?rest_route=\/wp\/v2\/pages\/106","targetHints":{"allow":["GET"]}}],"collection":[{"href":"https:\/\/jmota1.ptis03.pt\/index.php?rest_route=\/wp\/v2\/pages"}],"about":[{"href":"https:\/\/jmota1.ptis03.pt\/index.php?rest_route=\/wp\/v2\/types\/page"}],"author":[{"embeddable":true,"href":"https:\/\/jmota1.ptis03.pt\/index.php?rest_route=\/wp\/v2\/users\/1"}],"replies":[{"embeddable":true,"href":"https:\/\/jmota1.ptis03.pt\/index.php?rest_route=%2Fwp%2Fv2%2Fcomments&post=106"}],"version-history":[{"count":35,"href":"https:\/\/jmota1.ptis03.pt\/index.php?rest_route=\/wp\/v2\/pages\/106\/revisions"}],"predecessor-version":[{"id":415,"href":"https:\/\/jmota1.ptis03.pt\/index.php?rest_route=\/wp\/v2\/pages\/106\/revisions\/415"}],"wp:attachment":[{"href":"https:\/\/jmota1.ptis03.pt\/index.php?rest_route=%2Fwp%2Fv2%2Fmedia&parent=106"}],"curies":[{"name":"wp","href":"https:\/\/api.w.org\/{rel}","templated":true}]}}